{"id":1454,"date":"2018-10-28T15:39:55","date_gmt":"2018-10-28T14:39:55","guid":{"rendered":"http:\/\/www.solis.world\/?post_type=product&amp;p=1454"},"modified":"2018-10-28T15:39:55","modified_gmt":"2018-10-28T14:39:55","slug":"mp3-healing-piano-live-at-amate-2","status":"publish","type":"product","link":"https:\/\/solys.media\/shop\/produkt\/mp3-healing-piano-live-at-amate-2\/","title":{"rendered":"MP3 HEALING PIANO live at Amat\u00e9"},"content":{"rendered":"<h4>HEALING PIANO Live in Vienna &#8211; Amat\u00e9<\/h4>\n<p>Diese sanften und dennoch starken Melodien entf\u00fchren ins tiefste Innere und eigenen sich deshalb besonders gut f\u00fcr Meditationen,\u00a0energetische Sitzungen, zur Entspannung und Reflexion.<\/p>\n<p>Die Casa-Meditation vom 28.10.2011. Die &#8220;Casa de Dom In\u00e0cio&#8221; ist das spirituelle Heilzentrum in Abadi\u00e2nia in Brasilien.<\/p>\n<p>Jo\u00e3o Teixeira de Faria, bekannt als &#8220;Jo\u00e3o de Deus&#8221;, (John of God), hat schon unz\u00e4hligen Menschen mit Wunderheilungen geholfen und sie von Krebs, AIDS und vielen anderen ernsten und unheilbaren Krankheiten geheilt.<\/p>\n<p>Gesamtspieldauer: ca 61 min<\/p>\n<p>(C)2011 SOLIS MUSIC<\/p>\nPreset with id SolysShopPlayer2 does not exist!<div id='fwdrapDiv0'><\/div>Main playlist with id HEALING PIANO live at Amate does not exist!\n","protected":false},"excerpt":{"rendered":"<p>[fwdrap preset_id=\"SolysShopPlayer\" playlist_id=\"HEALING PIANO live at Amate\"]<br \/>\nLive Casa Meditation vom 28.10.2011 im Amat\u00e9 College Vienna.<br \/>\nGesamtspieldauer ca 60 min<\/p>\n","protected":false},"featured_media":1458,"comment_status":"open","ping_status":"closed","template":"","meta":[],"product_cat":[48,59],"product_tag":[],"class_list":["post-1454","product","type-product","status-publish","has-post-thumbnail","hentry","product_cat-mp3","product_cat-healingpiano"],"_links":{"self":[{"href":"https:\/\/solys.media\/shop\/wp-json\/wp\/v2\/product\/1454","targetHints":{"allow":["GET"]}}],"collection":[{"href":"https:\/\/solys.media\/shop\/wp-json\/wp\/v2\/product"}],"about":[{"href":"https:\/\/solys.media\/shop\/wp-json\/wp\/v2\/types\/product"}],"replies":[{"embeddable":true,"href":"https:\/\/solys.media\/shop\/wp-json\/wp\/v2\/comments?post=1454"}],"wp:featuredmedia":[{"embeddable":true,"href":"https:\/\/solys.media\/shop\/wp-json\/wp\/v2\/media\/1458"}],"wp:attachment":[{"href":"https:\/\/solys.media\/shop\/wp-json\/wp\/v2\/media?parent=1454"}],"wp:term":[{"taxonomy":"product_cat","embeddable":true,"href":"https:\/\/solys.media\/shop\/wp-json\/wp\/v2\/product_cat?post=1454"},{"taxonomy":"product_tag","embeddable":true,"href":"https:\/\/solys.media\/shop\/wp-json\/wp\/v2\/product_tag?post=1454"}],"curies":[{"name":"wp","href":"https:\/\/api.w.org\/{rel}","templated":true}]}}