{"id":1461,"date":"2018-10-28T16:12:43","date_gmt":"2018-10-28T15:12:43","guid":{"rendered":"http:\/\/www.solis.world\/?post_type=product&amp;p=1461"},"modified":"2018-10-28T16:12:43","modified_gmt":"2018-10-28T15:12:43","slug":"mp3-das-mehr-in-mir-gefuehrte-meditationen-von-ines-oberscheid-doppel-album","status":"publish","type":"product","link":"https:\/\/solys.media\/shop\/produkt\/mp3-das-mehr-in-mir-gefuehrte-meditationen-von-ines-oberscheid-doppel-album\/","title":{"rendered":"MP3 Das Mehr in mir &#8211; gef\u00fchrte Meditationen von Ines Oberscheid"},"content":{"rendered":"<h4>Das Mehr in mir &#8211; gef\u00fchrte Meditationen von Ines Oberscheid<\/h4>\n\n<p><span style=\"font-weight: 400\">Diese Meditationen m\u00f6gen ein Beitrag zu Deiner Entspannung und zu Deinem Wohlbefinden sein. <\/span><\/p>\n<p><span style=\"font-weight: 400\">Lade die Liebe ein und lass die Angst schwinden.<br \/>\n<\/span><span style=\"font-weight: 400\">Lade den Frieden ein und lass die Verirrung zur Ruhe kommen.<br \/>\n<\/span><span style=\"font-weight: 400\">Lade Mitgef\u00fchl ein und lass die Feindseligkeit beim Gestern.<br \/>\n<\/span><span style=\"font-weight: 400\">Lade Verantwortung ein und finde den Weg heim zu dir.<\/span><\/p>\n<p><span style=\"font-weight: 400\"><strong>Dr. Ines Oberscheid<\/strong> f\u00fchrt und leitet dich durch die \u00dcbungen, mit Musik von J\u00fcrgen Solis.<br \/>\nM\u00f6ge es Frieden und Gesundheit s\u00e4en.<\/span><\/p>\n<p><span style=\"font-weight: 400\">Die Meditationen:<\/span><\/p>\n<p><span style=\"font-weight: 400\">1 Entspanne (20:53)<br \/>\n<\/span><span style=\"font-weight: 400\">2 Feuerwerk meiner Energien (24:12)<br \/>\n<\/span><span style=\"font-weight: 400\">3 Spuren im Schnee (11:08)<br \/>\n<\/span><span style=\"font-weight: 400\">4 Ich richte mich auf (16:50)<br \/>\n<\/span><span style=\"font-weight: 400\">5 Sei Du dieser Frieden (10:38)<\/span><\/p>\n<p><span style=\"font-weight: 400\">1 Mein heiliges Gef\u00e4\u00df (18:29)<br \/>\n<\/span><span style=\"font-weight: 400\">2 Mein Innerer Heiler (24:16)<br \/>\n<\/span><span style=\"font-weight: 400\">3 Ich lade mich ein (15:26)<br \/>\n<\/span><span style=\"font-weight: 400\">4 Mein Wasserfall (20:26)<\/span><\/p>\n<p><span style=\"font-weight: 400\">Gesamtlaufzeit: ca 160 Minuten<\/span><\/p>\n","protected":false},"excerpt":{"rendered":"<p><span style=\"font-weight: 400\">Diese Meditationen m\u00f6gen ein Beitrag zu Deiner Entspannung und zu Deinem Wohlbefinden sein.<\/span><\/p>\n<p><span style=\"font-weight: 400\">Dr. Ines Oberscheid f\u00fchrt und leitet Dich durch die \u00dcbungen, mit Musik von J\u00fcrgen Solis.<\/span><\/p>\n<p><span style=\"font-weight: 400\">Gesamtlaufzeit: ca 160 Minuten<\/span><\/p>\n","protected":false},"featured_media":1462,"comment_status":"open","ping_status":"closed","template":"","meta":[],"product_cat":[48,60],"product_tag":[],"class_list":["post-1461","product","type-product","status-publish","has-post-thumbnail","hentry","product_cat-mp3","product_cat-meditationyoga"],"_links":{"self":[{"href":"https:\/\/solys.media\/shop\/wp-json\/wp\/v2\/product\/1461","targetHints":{"allow":["GET"]}}],"collection":[{"href":"https:\/\/solys.media\/shop\/wp-json\/wp\/v2\/product"}],"about":[{"href":"https:\/\/solys.media\/shop\/wp-json\/wp\/v2\/types\/product"}],"replies":[{"embeddable":true,"href":"https:\/\/solys.media\/shop\/wp-json\/wp\/v2\/comments?post=1461"}],"wp:featuredmedia":[{"embeddable":true,"href":"https:\/\/solys.media\/shop\/wp-json\/wp\/v2\/media\/1462"}],"wp:attachment":[{"href":"https:\/\/solys.media\/shop\/wp-json\/wp\/v2\/media?parent=1461"}],"wp:term":[{"taxonomy":"product_cat","embeddable":true,"href":"https:\/\/solys.media\/shop\/wp-json\/wp\/v2\/product_cat?post=1461"},{"taxonomy":"product_tag","embeddable":true,"href":"https:\/\/solys.media\/shop\/wp-json\/wp\/v2\/product_tag?post=1461"}],"curies":[{"name":"wp","href":"https:\/\/api.w.org\/{rel}","templated":true}]}}