{"id":1502,"date":"2018-10-30T21:45:25","date_gmt":"2018-10-30T20:45:25","guid":{"rendered":"http:\/\/www.solis.world\/?post_type=product&amp;p=1502"},"modified":"2018-10-30T21:45:25","modified_gmt":"2018-10-30T20:45:25","slug":"mp3-live-your-dreams-the-musical","status":"publish","type":"product","link":"https:\/\/solys.media\/shop\/produkt\/mp3-live-your-dreams-the-musical\/","title":{"rendered":"MP3 Live Your Dreams- The Musical"},"content":{"rendered":"<h4>LIVE YOUR DREAMS \u2013 THE MUSICAL<\/h4>\n\n<p>Musik, Texte und Buch von J\u00fcrgen Solis<\/p>\n<p>Eine exklusive Songauswahl aus den Hits der Show.<br \/>\nGesungen von Cassandra Sch\u00fctt, Conny Mooswalder und J\u00fcrgen Solis<\/p>\n<p>Begib Dich mit LIVE YOUR DREAMS auf eine Abenteuerreise in das Universum Deiner Tr\u00e4ume.<br \/>\nUm Deine Tr\u00e4ume wirklich leben zu k\u00f6nnen, gilt es, zuerst die eigenen Grenzen zu erkennen und dar\u00fcber hinaus zu wachsen.<\/p>\n<p>Vier unterschiedliche Menschen \u2013 vier unterschiedliche \u201eSchicksale\u201c \u2013<br \/>\nvier gleiche Tr\u00e4ume.<\/p>\n<p>Warum scheint das Leben der anderen Menschen so leicht, w\u00e4hrend man selbst von einem \u201eProblem\u201c zum n\u00e4chsten stolpert?<\/p>\n<p>Das Musical, in dem Tr\u00e4ume und Realit\u00e4t eins werden k\u00f6nnen.<br \/>\nAuch f\u00fcr Dich.<\/p>\n<p>Sie f\u00fchlen sich wie Marionetten des Schicksals, bis&#8230;.<br \/>\nKennst Du Deinen Weg? Deine Gabe?<br \/>\nWarum bist du hier?<br \/>\nBist Du erf\u00fcllt von dem Inhalt Deines Lebens?<br \/>\nM\u00f6chtest Du wissen, was unsere 4 Charaktere tun, um wieder K\u00f6nig und K\u00f6nigin ihres eigen Lebens zu sein??<br \/>\nDann komm in unser Musical und gehe damit den ersten Schritt, um Dir Deine Tr\u00e4ume zu erf\u00fcllen!<br \/>\nLass Dir vom Musical Techniken &amp; Tools geben und sch\u00f6pfe f\u00fcr Deinen Weg daraus.<\/p>\n<p>Hier auf der CD findest Du 16 ausgew\u00e4hlte Songs aus dem Musical<\/p>\n<p>Komponiert, getextet, arrangiert, gesungen und produziert von J\u00fcrgen Solis<\/p>\n<p>01 We Are Angels<br \/>\n02 Welcome To Duality<br \/>\n03 We Are One (Rumi World Music Award 2015 Las Vegas)\u00a0<a href=\"http:\/\/weare.one\" target=\"_blank\" rel=\"noopener noreferrer\">weare.one<\/a><br \/>\n04 Live Your Dreams<br \/>\n05 Dein Bauch<br \/>\n06 Luxury<br \/>\n07 I Am Your Guru<br \/>\n08 Back To Paradise<br \/>\n09 Live Happily<br \/>\n10 Take The Chance<br \/>\n11 Let\u2019s Have A Party<br \/>\n12 Fighting For Peace<br \/>\n13 Tough To Get Enough<br \/>\n14 You Are Nothing To Me<br \/>\n15 Wir machen Dich sch\u00f6n<br \/>\n16 Festival Of Senses<\/p>\n","protected":false},"excerpt":{"rendered":"<p>LIVE YOUR DREAMS- THE MUSICAL<\/p>\n<p>Das Musical zeigt humorvoll das Leben von 4 Menschen in ganz unterschiedlichen Lebenssituationen \u2013<br \/>\ndoch eines haben alle gemeinsam:\u00a0unerf\u00fcllte Tr\u00e4ume. Sie sind auf der Suche nach Liebe, Gl\u00fcck, Erf\u00fcllung, ihrer Gabe und dem Sinn ihres Lebens.<\/p>\n","protected":false},"featured_media":1390,"comment_status":"open","ping_status":"closed","template":"","meta":[],"product_cat":[48,49],"product_tag":[],"class_list":["post-1502","product","type-product","status-publish","has-post-thumbnail","hentry","product_cat-mp3","product_cat-musicpop"],"_links":{"self":[{"href":"https:\/\/solys.media\/shop\/wp-json\/wp\/v2\/product\/1502","targetHints":{"allow":["GET"]}}],"collection":[{"href":"https:\/\/solys.media\/shop\/wp-json\/wp\/v2\/product"}],"about":[{"href":"https:\/\/solys.media\/shop\/wp-json\/wp\/v2\/types\/product"}],"replies":[{"embeddable":true,"href":"https:\/\/solys.media\/shop\/wp-json\/wp\/v2\/comments?post=1502"}],"wp:featuredmedia":[{"embeddable":true,"href":"https:\/\/solys.media\/shop\/wp-json\/wp\/v2\/media\/1390"}],"wp:attachment":[{"href":"https:\/\/solys.media\/shop\/wp-json\/wp\/v2\/media?parent=1502"}],"wp:term":[{"taxonomy":"product_cat","embeddable":true,"href":"https:\/\/solys.media\/shop\/wp-json\/wp\/v2\/product_cat?post=1502"},{"taxonomy":"product_tag","embeddable":true,"href":"https:\/\/solys.media\/shop\/wp-json\/wp\/v2\/product_tag?post=1502"}],"curies":[{"name":"wp","href":"https:\/\/api.w.org\/{rel}","templated":true}]}}