{"id":1508,"date":"2018-10-31T12:34:36","date_gmt":"2018-10-31T11:34:36","guid":{"rendered":"http:\/\/www.solis.world\/?post_type=product&amp;p=1508"},"modified":"2018-10-31T12:34:36","modified_gmt":"2018-10-31T11:34:36","slug":"mp3-einmal-himmel-und-zurueck","status":"publish","type":"product","link":"https:\/\/solys.media\/shop\/produkt\/mp3-einmal-himmel-und-zurueck\/","title":{"rendered":"MP3 Einmal Himmel und zur\u00fcck"},"content":{"rendered":"<h4><strong>Einmal Himmel und zur\u00fcck<\/strong><\/h4>\n\n<p><span style=\"font-weight: 400\">Die gef\u00fchrte Meditation basiert auf jahrelangen Erfahrungen mit eigenen R\u00fcckf\u00fchrungen und R\u00fcckf\u00fchrungen in Seminaren von Petra Belschner. Es ist wichtig zu wissen, dass viele Erlebnisse auf solchen R\u00fcckf\u00fchrungsreisen nicht unbedingt zu den &#8220;erfreulichen&#8221; geh\u00f6ren. Hier ist darauf hinzuweisen, dass es sich um &#8220;gelebte&#8221; Leben handelt und sie somit auch gedanklich so strukturiert werden k\u00f6nnen, dass sie &#8220;vorbei&#8221; sind. Das hilft im Aufarbeiten und Bearbeiten bestimmter Situationen und Themen.<\/span><\/p>\n<p><span style=\"font-weight: 400\">Durch diese wunderbare Kombination des HEALING PIANOS werden wir ganz einfach diese Meditation durchleben und auch schon teilweise geheilt hervorgehen.<\/span><\/p>\n<p><span style=\"font-weight: 400\">Live-R\u00fcckf\u00fchrung mit Petra Belschner &amp; J\u00fcrgen Solis<\/span><\/p>\n<p>Gesamtlaufzeit 73 min<\/p>\n","protected":false},"excerpt":{"rendered":"<p><span style=\"font-weight: 400\">Die gef\u00fchrte Meditation bietet Dir die M\u00f6glichkeit, das Erlebnis R\u00fcckf\u00fchren kennenzulernen, und es kann Dir tiefen Einblick einerseits in deine fr\u00fcheren Leben bieten, andererseits auch dadurch T\u00fcren und Chancen \u00f6ffnen f\u00fcr ein LEBENdiges Leben in Freiheit, Frieden und Gl\u00fcckseligkeit.<\/span><\/p>\n<p>Gesamtlaufzeit ca. 73 min<\/p>\n","protected":false},"featured_media":1509,"comment_status":"open","ping_status":"closed","template":"","meta":[],"product_cat":[48,60],"product_tag":[],"class_list":["post-1508","product","type-product","status-publish","has-post-thumbnail","hentry","product_cat-mp3","product_cat-meditationyoga"],"_links":{"self":[{"href":"https:\/\/solys.media\/shop\/wp-json\/wp\/v2\/product\/1508","targetHints":{"allow":["GET"]}}],"collection":[{"href":"https:\/\/solys.media\/shop\/wp-json\/wp\/v2\/product"}],"about":[{"href":"https:\/\/solys.media\/shop\/wp-json\/wp\/v2\/types\/product"}],"replies":[{"embeddable":true,"href":"https:\/\/solys.media\/shop\/wp-json\/wp\/v2\/comments?post=1508"}],"wp:featuredmedia":[{"embeddable":true,"href":"https:\/\/solys.media\/shop\/wp-json\/wp\/v2\/media\/1509"}],"wp:attachment":[{"href":"https:\/\/solys.media\/shop\/wp-json\/wp\/v2\/media?parent=1508"}],"wp:term":[{"taxonomy":"product_cat","embeddable":true,"href":"https:\/\/solys.media\/shop\/wp-json\/wp\/v2\/product_cat?post=1508"},{"taxonomy":"product_tag","embeddable":true,"href":"https:\/\/solys.media\/shop\/wp-json\/wp\/v2\/product_tag?post=1508"}],"curies":[{"name":"wp","href":"https:\/\/api.w.org\/{rel}","templated":true}]}}