{"id":1622,"date":"2018-11-01T18:40:12","date_gmt":"2018-11-01T17:40:12","guid":{"rendered":"http:\/\/www.solis.world\/?post_type=product&#038;p=1622"},"modified":"2026-02-12T17:34:47","modified_gmt":"2026-02-12T16:34:47","slug":"cd-healing-piano-divine-blessings-live-in-winterthur","status":"publish","type":"product","link":"https:\/\/solys.media\/shop\/produkt\/cd-healing-piano-divine-blessings-live-in-winterthur\/","title":{"rendered":"CD HEALING PIANO Divine Blessings &#8211; live in Winterthur"},"content":{"rendered":"<h4>HEALING PIANO Divine Blessings &#8211; live in Winterthur<\/h4>\n<p>\u00dcber 1500 Menschen meditierten in liebevoller, dem\u00fctiger und heilsamer Stimmung und erlebten die R\u00fcckverbindung mit dem Ursprung, dem G\u00f6ttlichen in uns allen.<\/p>\n<p>In dieser wunderbaren Atmosph\u00e4re empfing J\u00fcrgen Solis diese Kl\u00e4nge an seinem Piano und gab sie weiter.<\/p>\n<p>Diese sanften und dennoch starken Melodien entf\u00fchren ins tiefste Innere und eigenen sich deshalb besonders gut f\u00fcr Meditationen,\u00a0energetische Sitzungen, zur Entspannung, Reflexion und inneren Einkehr.<\/p>\n<p>Gesamtspieldauer: ca 60 min<\/p>\nPreset with id SolysShopPlayer2 does not exist!<div id='fwdrapDiv0'><\/div>Main playlist with id HEALING PIANO Divine Blessings does not exist!\n","protected":false},"excerpt":{"rendered":"[fwdrap preset_id=\"SolysShopPlayer\" playlist_id=\"HEALING PIANO Divine Blessings\"]\n<p>Diese sanften und dennoch starken Melodien entf\u00fchren ins tiefste Innere und eigenen sich deshalb besonders gut f\u00fcr Meditationen,\u00a0energetische Sitzungen, zur Entspannung, Reflexion und inneren Einkehr.<\/p>\n<p>Live-Aufnahme anl\u00e4sslich einer Meditation mit ca. 1.500 Personen in Winterthur (CH)<br \/>\nDiese G\u00d6TTLICHEN SEGEN kamen w\u00e4hrend des Jo\u00e3o de Deus Events in Winterthur durch.<\/p>\n<p>Gesamtspieldauer: ca 60 min<\/p>\n","protected":false},"featured_media":1457,"comment_status":"open","ping_status":"closed","template":"","meta":[],"product_cat":[43,45],"product_tag":[],"class_list":["post-1622","product","type-product","status-publish","has-post-thumbnail","hentry","product_cat-cd","product_cat-healing-piano-cd"],"_links":{"self":[{"href":"https:\/\/solys.media\/shop\/wp-json\/wp\/v2\/product\/1622","targetHints":{"allow":["GET"]}}],"collection":[{"href":"https:\/\/solys.media\/shop\/wp-json\/wp\/v2\/product"}],"about":[{"href":"https:\/\/solys.media\/shop\/wp-json\/wp\/v2\/types\/product"}],"replies":[{"embeddable":true,"href":"https:\/\/solys.media\/shop\/wp-json\/wp\/v2\/comments?post=1622"}],"wp:featuredmedia":[{"embeddable":true,"href":"https:\/\/solys.media\/shop\/wp-json\/wp\/v2\/media\/1457"}],"wp:attachment":[{"href":"https:\/\/solys.media\/shop\/wp-json\/wp\/v2\/media?parent=1622"}],"wp:term":[{"taxonomy":"product_cat","embeddable":true,"href":"https:\/\/solys.media\/shop\/wp-json\/wp\/v2\/product_cat?post=1622"},{"taxonomy":"product_tag","embeddable":true,"href":"https:\/\/solys.media\/shop\/wp-json\/wp\/v2\/product_tag?post=1622"}],"curies":[{"name":"wp","href":"https:\/\/api.w.org\/{rel}","templated":true}]}}