{"id":1644,"date":"2018-11-01T19:00:57","date_gmt":"2018-11-01T18:00:57","guid":{"rendered":"http:\/\/www.solis.world\/?post_type=product&#038;p=1644"},"modified":"2026-02-08T15:17:59","modified_gmt":"2026-02-08T14:17:59","slug":"cd-rose-petals-rosenblaetter-meditation","status":"publish","type":"product","link":"https:\/\/solys.media\/shop\/produkt\/cd-rose-petals-rosenblaetter-meditation\/","title":{"rendered":"CD Rose Petals ROSENBL\u00c4TTER Meditation"},"content":{"rendered":"<h4><strong>Rose Petals ROSENBL\u00c4TTER Meditation LIVE<\/strong><\/h4>\n\n<p>Diana Rose &amp; J\u00fcrgen Solis<\/p>\n<p>Diese Aufnahme wurde 2011 w\u00e4hrend der Joao de Deus Veranstaltung in Wien gemacht und enth\u00e4lt den Segen und die Energien dieser speziellen Veranstaltung.<\/p>\n<p>Music: Healing Piano- Coming Home<\/p>\n<p>1 Meditation Englisch &amp; Deutsch &#8211; 44 min<br \/>\n2 Meditation nur Englisch &#8211; 22 min<br \/>\n3 Meditation nur Deutsch &#8211; 22 min<\/p>\n","protected":false},"excerpt":{"rendered":"<ol>\n<li style=\"list-style-type: none\">Meditation von Diana Rose mit Musik von J\u00fcrgen SolisDiese Aufnahme wurde 2011 w\u00e4hrend der Joao de Deus Veranstaltung in Wien erstellt und enth\u00e4lt den Segen und die Energien dieser speziellen Veranstaltung.<\/li>\n<\/ol>\n","protected":false},"featured_media":1504,"comment_status":"open","ping_status":"closed","template":"","meta":[],"product_cat":[47],"product_tag":[],"class_list":["post-1644","product","type-product","status-publish","has-post-thumbnail","hentry","product_cat-meditationyoga-cd"],"_links":{"self":[{"href":"https:\/\/solys.media\/shop\/wp-json\/wp\/v2\/product\/1644","targetHints":{"allow":["GET"]}}],"collection":[{"href":"https:\/\/solys.media\/shop\/wp-json\/wp\/v2\/product"}],"about":[{"href":"https:\/\/solys.media\/shop\/wp-json\/wp\/v2\/types\/product"}],"replies":[{"embeddable":true,"href":"https:\/\/solys.media\/shop\/wp-json\/wp\/v2\/comments?post=1644"}],"wp:featuredmedia":[{"embeddable":true,"href":"https:\/\/solys.media\/shop\/wp-json\/wp\/v2\/media\/1504"}],"wp:attachment":[{"href":"https:\/\/solys.media\/shop\/wp-json\/wp\/v2\/media?parent=1644"}],"wp:term":[{"taxonomy":"product_cat","embeddable":true,"href":"https:\/\/solys.media\/shop\/wp-json\/wp\/v2\/product_cat?post=1644"},{"taxonomy":"product_tag","embeddable":true,"href":"https:\/\/solys.media\/shop\/wp-json\/wp\/v2\/product_tag?post=1644"}],"curies":[{"name":"wp","href":"https:\/\/api.w.org\/{rel}","templated":true}]}}