{"id":2218,"date":"2019-04-11T21:44:05","date_gmt":"2019-04-11T19:44:05","guid":{"rendered":"http:\/\/www.solis.world\/?post_type=product&#038;p=2218"},"modified":"2023-03-22T15:36:01","modified_gmt":"2023-03-22T14:36:01","slug":"mp3-summer-sunrise-01","status":"publish","type":"product","link":"https:\/\/solys.media\/shop\/produkt\/mp3-summer-sunrise-01\/","title":{"rendered":"MP3 Summer Sunrise 01"},"content":{"rendered":"<p>Gesamtspieldauer ca 1h 42 min<\/p>\n<p>(C)2019 SOLYS MEDIA<\/p>\nPreset with id SolysShopPlayer2 does not exist!<div id='fwdrapDiv0'><\/div>Main playlist with id NATURE WELLNESS Summer Sunrise 01 does not exist!\n","protected":false},"excerpt":{"rendered":"[fwdrap preset_id=\"SolysShopPlayer\" playlist_id=\"NATURE WELLNESS Summer Sunrise 01\"]\n<p>Fr\u00fchmorgendliches Wellenrauschen vor und w\u00e4hrend des Sonnenaufgangs am Meer, kombiniert mit sanften Piano Kl\u00e4ngen in der DNA Healing Stimmung<\/p>\n<p>Gesamtspieldauer ca 1h 42 min<\/p>\n","protected":false},"featured_media":2216,"comment_status":"open","ping_status":"closed","template":"","meta":[],"product_cat":[48,51],"product_tag":[],"class_list":["post-2218","product","type-product","status-publish","has-post-thumbnail","hentry","product_cat-mp3","product_cat-naturewellness"],"_links":{"self":[{"href":"https:\/\/solys.media\/shop\/wp-json\/wp\/v2\/product\/2218","targetHints":{"allow":["GET"]}}],"collection":[{"href":"https:\/\/solys.media\/shop\/wp-json\/wp\/v2\/product"}],"about":[{"href":"https:\/\/solys.media\/shop\/wp-json\/wp\/v2\/types\/product"}],"replies":[{"embeddable":true,"href":"https:\/\/solys.media\/shop\/wp-json\/wp\/v2\/comments?post=2218"}],"wp:featuredmedia":[{"embeddable":true,"href":"https:\/\/solys.media\/shop\/wp-json\/wp\/v2\/media\/2216"}],"wp:attachment":[{"href":"https:\/\/solys.media\/shop\/wp-json\/wp\/v2\/media?parent=2218"}],"wp:term":[{"taxonomy":"product_cat","embeddable":true,"href":"https:\/\/solys.media\/shop\/wp-json\/wp\/v2\/product_cat?post=2218"},{"taxonomy":"product_tag","embeddable":true,"href":"https:\/\/solys.media\/shop\/wp-json\/wp\/v2\/product_tag?post=2218"}],"curies":[{"name":"wp","href":"https:\/\/api.w.org\/{rel}","templated":true}]}}