{"id":2220,"date":"2019-04-11T22:14:25","date_gmt":"2019-04-11T20:14:25","guid":{"rendered":"http:\/\/www.solis.world\/?post_type=product&#038;p=2220"},"modified":"2023-03-22T15:38:13","modified_gmt":"2023-03-22T14:38:13","slug":"mp3-autumn-sunset-01","status":"publish","type":"product","link":"https:\/\/solys.media\/shop\/produkt\/mp3-autumn-sunset-01\/","title":{"rendered":"MP3 Autumn Sunset 01"},"content":{"rendered":"<p>Aus der Serie Nature Wellness<\/p>\n<p>Gesamtspieldauer ca\u00a0 24 min<\/p>\n<p>(C)2019 SOLYS MEDIA<br \/>\nPreset with id SolysShopPlayer2 does not exist!<div id='fwdrapDiv0'><\/div>Main playlist with id NATURE WELLNESS Autumn Sunset 01 does not exist!<\/p>\n","protected":false},"excerpt":{"rendered":"<p>[fwdrap preset_id=\"SolysShopPlayer\" playlist_id=\"NATURE WELLNESS Autumn Sunset 01\"]<br \/>\nAtemberaubende Blicke auf einen der sch\u00f6nsten Sonnenunterg\u00e4nge am herbstlichen Meer haben diese Kl\u00e4nge inspiriert, sanfte Piano Kl\u00e4nge in Healing DNA Stimmung kombiniert mit dezentem Orchester laden zum Tr\u00e4umen und Entspannen.<\/p>\n<p>Gesamtspieldauer ca\u00a0 24 min<\/p>\n","protected":false},"featured_media":2221,"comment_status":"open","ping_status":"closed","template":"","meta":[],"product_cat":[48,51],"product_tag":[],"class_list":["post-2220","product","type-product","status-publish","has-post-thumbnail","hentry","product_cat-mp3","product_cat-naturewellness"],"_links":{"self":[{"href":"https:\/\/solys.media\/shop\/wp-json\/wp\/v2\/product\/2220","targetHints":{"allow":["GET"]}}],"collection":[{"href":"https:\/\/solys.media\/shop\/wp-json\/wp\/v2\/product"}],"about":[{"href":"https:\/\/solys.media\/shop\/wp-json\/wp\/v2\/types\/product"}],"replies":[{"embeddable":true,"href":"https:\/\/solys.media\/shop\/wp-json\/wp\/v2\/comments?post=2220"}],"wp:featuredmedia":[{"embeddable":true,"href":"https:\/\/solys.media\/shop\/wp-json\/wp\/v2\/media\/2221"}],"wp:attachment":[{"href":"https:\/\/solys.media\/shop\/wp-json\/wp\/v2\/media?parent=2220"}],"wp:term":[{"taxonomy":"product_cat","embeddable":true,"href":"https:\/\/solys.media\/shop\/wp-json\/wp\/v2\/product_cat?post=2220"},{"taxonomy":"product_tag","embeddable":true,"href":"https:\/\/solys.media\/shop\/wp-json\/wp\/v2\/product_tag?post=2220"}],"curies":[{"name":"wp","href":"https:\/\/api.w.org\/{rel}","templated":true}]}}